{"id":48,"date":"2020-12-31T14:16:33","date_gmt":"2020-12-31T14:16:33","guid":{"rendered":"https:\/\/inihaus.op3n.link\/?page_id=48"},"modified":"2024-11-28T16:34:33","modified_gmt":"2024-11-28T16:34:33","slug":"ueber-uns","status":"publish","type":"page","link":"https:\/\/inihaus.de\/index.php\/ueber-uns\/","title":{"rendered":"\u00dcber uns"},"content":{"rendered":"\r\n<div class=\"wp-block-media-text alignwide has-media-on-the-right is-stacked-on-mobile\" style=\"grid-template-columns: auto 45%;\">\r\n<figure class=\"wp-block-media-text__media\"><img data-opt-id=601610951  fetchpriority=\"high\" decoding=\"async\" width=\"1024\" height=\"768\" class=\"wp-image-179 size-full\" src=\"https:\/\/inihaus.op3n.link\/wp-content\/uploads\/2021\/03\/ini_7.jpg\" alt=\"\" srcset=\"https:\/\/mlhpplhdby2x.i.optimole.com\/w:1024\/h:768\/q:mauto\/ig:avif\/https:\/\/inihaus.de\/wp-content\/uploads\/2021\/03\/ini_7.jpg 1024w, https:\/\/mlhpplhdby2x.i.optimole.com\/w:300\/h:225\/q:mauto\/ig:avif\/https:\/\/inihaus.de\/wp-content\/uploads\/2021\/03\/ini_7.jpg 300w, https:\/\/mlhpplhdby2x.i.optimole.com\/w:768\/h:576\/q:mauto\/ig:avif\/https:\/\/inihaus.de\/wp-content\/uploads\/2021\/03\/ini_7.jpg 768w\" sizes=\"(max-width: 1024px) 100vw, 1024px\" \/><\/figure>\r\n<div class=\"wp-block-media-text__content\">\r\n<p>Das Initiativenhaus, auch \u201eInihaus\u201c genannt, ist ein von Jugendlichen selbst aufgebautes, selbst verwaltetes Jugendzentrum, das sich ausschlie\u00dflich durch Mitgliedsbeitr\u00e4ge, Spenden und dem Caf\u00e9-Betrieb (Getr\u00e4nkeverkauf) finanziert. Wobei bei letzterem keine gro\u00dfen Gewinne erzielt werden sollen, da sich das Inihaus als nicht kommerzieller Verein begreift. Das Haus wurde uns 1998 durch einen geregelten Mietvertrag von der Stadt Bad Oldesloes mietfrei zur Verf\u00fcgung gestellt und befand sich zu dem Zeitpunkt in einem desolaten Zustand. Die Sanierungs- und Renovierungsarbeiten wurden von uns \u00fcbernommen, was bedeutete, dass erst einmal gr\u00f6\u00dfere Arbeiten, wie Leitung verlegen, das Bauen sanit\u00e4rer Anlagen, Fliesen verlegen etc. anfielen. Lediglich die Au\u00dfenfassade und die neue Dachkonstruktion wurde sp\u00e4ter von der Stadt als Vermieter durchgef\u00fchrt und \u00fcbernommen. Nach einem Jahr Bauzeit war es dann so weit und bis auf ein paar kleine Dinge war das Haus wieder sinnvoll nutzbar.<\/p>\r\n<\/div>\r\n<\/div>\r\n\r\n\r\n<hr class=\"wp-block-separator\" \/>\r\n\r\n\r\n<div class=\"wp-block-media-text alignwide is-stacked-on-mobile\">\r\n<figure class=\"wp-block-media-text__media\"><img data-opt-id=773543148  fetchpriority=\"high\" decoding=\"async\" width=\"1024\" height=\"768\" class=\"wp-image-182 size-full\" src=\"https:\/\/inihaus.op3n.link\/wp-content\/uploads\/2021\/03\/ini_2.jpg\" alt=\"\" srcset=\"https:\/\/mlhpplhdby2x.i.optimole.com\/w:1024\/h:768\/q:mauto\/ig:avif\/https:\/\/inihaus.de\/wp-content\/uploads\/2021\/03\/ini_2.jpg 1024w, https:\/\/mlhpplhdby2x.i.optimole.com\/w:300\/h:225\/q:mauto\/ig:avif\/https:\/\/inihaus.de\/wp-content\/uploads\/2021\/03\/ini_2.jpg 300w, https:\/\/mlhpplhdby2x.i.optimole.com\/w:768\/h:576\/q:mauto\/ig:avif\/https:\/\/inihaus.de\/wp-content\/uploads\/2021\/03\/ini_2.jpg 768w\" sizes=\"(max-width: 1024px) 100vw, 1024px\" \/><\/figure>\r\n<div class=\"wp-block-media-text__content\">\r\n<p>Der Betrieb des Inihaus-Caf\u00e9s wird durch ehrenamtliche Arbeit einer Gruppe von Jugendlichen getragen, die ca. 15 Leute umfasst, welche alle unterschiedlichen Alters sind. Dies geschieht mittlerweile nun schon seit \u00fcber 25 Jahren.<\/p>\r\n\r\n\r\n\r\n<p>Bei der freiwilligen Mitarbeit handelt es sich sowohl um den Getr\u00e4nkeverkauf, als auch um andere anfallende, notwendige Arbeiten, wie Putzen, Aufr\u00e4umen und Instandsetzungsarbeiten, die das Haus betreffen, im Innen- wie im Au\u00dfenbereich. Vor einigen Jahren haben wir mit finanzieller Unterst\u00fctzung des Spendenparlaments einen ordentlichen Vorplatz pflastern k\u00f6nne, dass das Regenwasser ablaufen kann und man nicht mehr durch die Pf\u00fctzen waten muss, um zum Inihaus zu gelangen, wenn es geregnet hat. Daf\u00fcr haben wir uns an drei Wocheneden hintereinander getroffen und mit ca. 20 Jugendlichen zusammen gearbeitet.<\/p>\r\n<\/div>\r\n<\/div>\r\n\r\n\r\n<hr class=\"wp-block-separator\" \/>\r\n\r\n\r\n<p>Die Gruppe der aktiven Mitglieder trifft sich regelm\u00e4\u00dfig, meistens alle zwei Wochen Sonntags, um wichtige Dinge zu besprechen, die das Inihaus betreffen. Dort werden sowohl auftretende Differenzen und Probleme innerhalb der Gruppe besprochen, diskutiert und gekl\u00e4rt, als auch Organisatorisches, wie beispielsweise Planung und Ablauf von Veranstaltungen, Finanzen, Ausgaben, \u00d6ffentlichkeitsarbeit, etc.<\/p>\r\n\r\n\r\n<hr class=\"wp-block-separator\" \/>\r\n\r\n\r\n<div class=\"wp-block-media-text alignwide has-media-on-the-right is-stacked-on-mobile\" style=\"grid-template-columns: auto 42%;\">\r\n<figure class=\"wp-block-media-text__media\"><img data-opt-id=1594480244  data-opt-src=\"https:\/\/inihaus.op3n.link\/wp-content\/uploads\/2021\/03\/ini_5.jpg\"  decoding=\"async\" width=\"1024\" height=\"768\" class=\"wp-image-185 size-full\" src=\"data:image/svg+xml,%3Csvg%20viewBox%3D%220%200%20100%%20100%%22%20width%3D%22100%%22%20height%3D%22100%%22%20xmlns%3D%22http%3A%2F%2Fwww.w3.org%2F2000%2Fsvg%22%3E%3Crect%20width%3D%22100%%22%20height%3D%22100%%22%20fill%3D%22transparent%22%2F%3E%3C%2Fsvg%3E\" alt=\"\" old-srcset=\"https:\/\/mlhpplhdby2x.i.optimole.com\/w:1024\/h:768\/q:mauto\/ig:avif\/https:\/\/inihaus.de\/wp-content\/uploads\/2021\/03\/ini_5.jpg 1024w, https:\/\/mlhpplhdby2x.i.optimole.com\/w:300\/h:225\/q:mauto\/ig:avif\/https:\/\/inihaus.de\/wp-content\/uploads\/2021\/03\/ini_5.jpg 300w, https:\/\/mlhpplhdby2x.i.optimole.com\/w:768\/h:576\/q:mauto\/ig:avif\/https:\/\/inihaus.de\/wp-content\/uploads\/2021\/03\/ini_5.jpg 768w\" \/><\/figure>\r\n<div class=\"wp-block-media-text__content\">\r\n<p>Der Mitteltrakt umfasst das Inihaus-Caf\u00e9 und einen Konzertsaal. Dort finden sowohl der normale Caf\u00e9-Betrieb in der Woche, wie beispielsweise das Kicker-Turnier statt, als auch Treffs, Seminare, Vortr\u00e4ge, Konzerte und andere Veranstaltungen an Wochenenden. Im Obergeschoss des Mitteltrakts befindet sich eine Bibliothek und Seminarraum, wo sich Nutzer:Innen B\u00fccher ausleihen und lesen k\u00f6nnen. Die Bibliothek ist ebenfalls dazu ausgelegt, als Konferenz und Seminarraum dienen zu k\u00f6nnen.<\/p>\r\n\r\n\r\n<\/div>\r\n<\/div>\r\n\r\n\r\n<hr class=\"wp-block-separator\" \/>\r\n\r\n\r\n<div class=\"wp-block-media-text alignwide is-stacked-on-mobile\">\r\n<figure class=\"wp-block-media-text__media\"><img data-opt-id=759634175  data-opt-src=\"https:\/\/inihaus.op3n.link\/wp-content\/uploads\/2021\/03\/ini_6-1.jpg\"  loading=\"lazy\" decoding=\"async\" width=\"1024\" height=\"768\" class=\"wp-image-186 size-full\" src=\"data:image/svg+xml,%3Csvg%20viewBox%3D%220%200%20100%%20100%%22%20width%3D%22100%%22%20height%3D%22100%%22%20xmlns%3D%22http%3A%2F%2Fwww.w3.org%2F2000%2Fsvg%22%3E%3Crect%20width%3D%22100%%22%20height%3D%22100%%22%20fill%3D%22transparent%22%2F%3E%3C%2Fsvg%3E\" alt=\"\" old-srcset=\"https:\/\/mlhpplhdby2x.i.optimole.com\/w:1024\/h:768\/q:mauto\/ig:avif\/https:\/\/inihaus.de\/wp-content\/uploads\/2021\/03\/ini_6-1.jpg 1024w, https:\/\/mlhpplhdby2x.i.optimole.com\/w:300\/h:225\/q:mauto\/ig:avif\/https:\/\/inihaus.de\/wp-content\/uploads\/2021\/03\/ini_6-1.jpg 300w, https:\/\/mlhpplhdby2x.i.optimole.com\/w:768\/h:576\/q:mauto\/ig:avif\/https:\/\/inihaus.de\/wp-content\/uploads\/2021\/03\/ini_6-1.jpg 768w\" \/><\/figure>\r\n<div class=\"wp-block-media-text__content\">\r\n<p>Die Konzerte werde ebenfalls von uns geplant und organisiert. Sie finden in einem extra daf\u00fcr vorgesehenen Konzertsaal statt, der an den Caf\u00e9-Bereich angrenzt. In der Regel passiert dies fast jedes dritte Wochenende und wir bieten damit den Nachwuchsbands die M\u00f6glichkeit, sich zu pr\u00e4sentieren. F\u00fcr Bands, die eine l\u00e4ngere Anreise haben ist im Untergeschoss noch ein Schlafraum vorhanden. Die im Konzertsaal vorhandene Musikanlage wird von uns manchmal auch an andere verliehen, z.B. beim Stadtteilfest im H\u00f6lk oder bei Musikveranstaltungen der Stadt Bad Oldesloe wie dem \u201eKlangstadt\u201c- Festival. J\u00e4hrlich findet im Inihaus auch ein Sommerfest statt, bei dem viele verschiedene Bands auftreten, DJs auflegen und unterschiedlichste Musikrichtungen pr\u00e4sentiert werden, um m\u00f6glichst viele Leute anzusprechen. Dazu gibt es dann nat\u00fcrlich auch Essen und Getr\u00e4nke.<\/p>\r\n\r\n\r\n<\/div>\r\n<\/div>\r\n\r\n\r\n<hr class=\"wp-block-separator\" \/>\r\n\r\n\r\n<p>&nbsp;<\/p>\r\n<p>Das Initiativenhaus soll Jugendlichen erm\u00f6glichen, dort ihre Freizeit kreativ gestalten zu k\u00f6nnen und es steht ihnen frei, sich in die \u201eCaf\u00e9-Gruppe\u201c zu integrieren. Jede:r, die m\u00f6chte, kann sich einbringen, sich selbst verwirklichen und politisch bei antifaschistischer und antirassistischer Arbeit engagieren.<\/p>\r\n","protected":false},"excerpt":{"rendered":"<p>Das Initiativenhaus, auch \u201eInihaus\u201c genannt, ist ein von Jugendlichen selbst aufgebautes, selbst verwaltetes Jugendzentrum, das sich ausschlie\u00dflich durch Mitgliedsbeitr\u00e4ge, Spenden und dem Caf\u00e9-Betrieb (Getr\u00e4nkeverkauf) finanziert. Wobei bei letzterem keine gro\u00dfen Gewinne erzielt werden sollen, da sich das Inihaus als nicht kommerzieller Verein begreift. Das Haus wurde uns 1998 durch einen geregelten Mietvertrag von der Stadt [&hellip;]<\/p>\n","protected":false},"author":1,"featured_media":0,"parent":0,"menu_order":0,"comment_status":"closed","ping_status":"closed","template":"","meta":{"footnotes":""},"class_list":["post-48","page","type-page","status-publish","hentry"],"blocksy_meta":{"styles_descriptor":{"styles":{"desktop":"","tablet":"","mobile":""},"google_fonts":[],"version":6}},"yoast_head":"<!-- This site is optimized with the Yoast SEO plugin v27.5 - https:\/\/yoast.com\/product\/yoast-seo-wordpress\/ -->\n<title>\u00dcber uns - Inihaus<\/title>\n<meta name=\"robots\" content=\"noindex, follow, max-snippet:-1, max-image-preview:large, max-video-preview:-1\" \/>\n<meta property=\"og:locale\" content=\"de_DE\" \/>\n<meta property=\"og:type\" content=\"article\" \/>\n<meta property=\"og:title\" content=\"\u00dcber uns - Inihaus\" \/>\n<meta property=\"og:description\" content=\"Das Initiativenhaus, auch \u201eInihaus\u201c genannt, ist ein von Jugendlichen selbst aufgebautes, selbst verwaltetes Jugendzentrum, das sich ausschlie\u00dflich durch Mitgliedsbeitr\u00e4ge, Spenden und dem Caf\u00e9-Betrieb (Getr\u00e4nkeverkauf) finanziert. Wobei bei letzterem keine gro\u00dfen Gewinne erzielt werden sollen, da sich das Inihaus als nicht kommerzieller Verein begreift. Das Haus wurde uns 1998 durch einen geregelten Mietvertrag von der Stadt [&hellip;]\" \/>\n<meta property=\"og:url\" content=\"https:\/\/inihaus.de\/index.php\/ueber-uns\/\" \/>\n<meta property=\"og:site_name\" content=\"Inihaus\" \/>\n<meta property=\"article:publisher\" content=\"https:\/\/www.facebook.com\/inihausbadoldesloe\/\" \/>\n<meta property=\"article:modified_time\" content=\"2024-11-28T16:34:33+00:00\" \/>\n<meta property=\"og:image\" content=\"https:\/\/mlhpplhdby2x.i.optimole.com\/w:auto\/h:auto\/q:mauto\/ig:avif\/https:\/\/inihaus.de\/wp-content\/uploads\/2021\/03\/ini_7.jpg\" \/>\n\t<meta property=\"og:image:width\" content=\"1024\" \/>\n\t<meta property=\"og:image:height\" content=\"768\" \/>\n\t<meta property=\"og:image:type\" content=\"image\/jpeg\" \/>\n<meta name=\"twitter:card\" content=\"summary_large_image\" \/>\n<meta name=\"twitter:label1\" content=\"Gesch\u00e4tzte Lesezeit\" \/>\n\t<meta name=\"twitter:data1\" content=\"4\u00a0Minuten\" \/>\n<script type=\"application\/ld+json\" class=\"yoast-schema-graph\">{\"@context\":\"https:\\\/\\\/schema.org\",\"@graph\":[{\"@type\":\"WebPage\",\"@id\":\"https:\\\/\\\/inihaus.de\\\/index.php\\\/ueber-uns\\\/\",\"url\":\"https:\\\/\\\/inihaus.de\\\/index.php\\\/ueber-uns\\\/\",\"name\":\"\u00dcber uns - Inihaus\",\"isPartOf\":{\"@id\":\"https:\\\/\\\/inihaus.de\\\/#website\"},\"primaryImageOfPage\":{\"@id\":\"https:\\\/\\\/inihaus.de\\\/index.php\\\/ueber-uns\\\/#primaryimage\"},\"image\":{\"@id\":\"https:\\\/\\\/inihaus.de\\\/index.php\\\/ueber-uns\\\/#primaryimage\"},\"thumbnailUrl\":\"https:\\/\\/inihaus.op3n.link\\/wp-content\\/uploads\\/2021\\/03\\/ini_7.jpg\",\"datePublished\":\"2020-12-31T14:16:33+00:00\",\"dateModified\":\"2024-11-28T16:34:33+00:00\",\"breadcrumb\":{\"@id\":\"https:\\\/\\\/inihaus.de\\\/index.php\\\/ueber-uns\\\/#breadcrumb\"},\"inLanguage\":\"de\",\"potentialAction\":[{\"@type\":\"ReadAction\",\"target\":[\"https:\\\/\\\/inihaus.de\\\/index.php\\\/ueber-uns\\\/\"]}]},{\"@type\":\"ImageObject\",\"inLanguage\":\"de\",\"@id\":\"https:\\\/\\\/inihaus.de\\\/index.php\\\/ueber-uns\\\/#primaryimage\",\"url\":\"https:\\/\\/inihaus.op3n.link\\/wp-content\\/uploads\\/2021\\/03\\/ini_7.jpg\",\"contentUrl\":\"https:\\/\\/inihaus.op3n.link\\/wp-content\\/uploads\\/2021\\/03\\/ini_7.jpg\"},{\"@type\":\"BreadcrumbList\",\"@id\":\"https:\\\/\\\/inihaus.de\\\/index.php\\\/ueber-uns\\\/#breadcrumb\",\"itemListElement\":[{\"@type\":\"ListItem\",\"position\":1,\"name\":\"Startseite\",\"item\":\"https:\\\/\\\/inihaus.de\\\/\"},{\"@type\":\"ListItem\",\"position\":2,\"name\":\"\u00dcber uns\"}]},{\"@type\":\"WebSite\",\"@id\":\"https:\\\/\\\/inihaus.de\\\/#website\",\"url\":\"https:\\\/\\\/inihaus.de\\\/\",\"name\":\"Inihaus\",\"description\":\"Initiative e.V.\",\"publisher\":{\"@id\":\"https:\\\/\\\/inihaus.de\\\/#organization\"},\"potentialAction\":[{\"@type\":\"SearchAction\",\"target\":{\"@type\":\"EntryPoint\",\"urlTemplate\":\"https:\\\/\\\/inihaus.de\\\/?s={search_term_string}\"},\"query-input\":{\"@type\":\"PropertyValueSpecification\",\"valueRequired\":true,\"valueName\":\"search_term_string\"}}],\"inLanguage\":\"de\"},{\"@type\":\"Organization\",\"@id\":\"https:\\\/\\\/inihaus.de\\\/#organization\",\"name\":\"Inihaus\",\"url\":\"https:\\\/\\\/inihaus.de\\\/\",\"logo\":{\"@type\":\"ImageObject\",\"inLanguage\":\"de\",\"@id\":\"https:\\\/\\\/inihaus.de\\\/#\\\/schema\\\/logo\\\/image\\\/\",\"url\":\"https:\\/\\/inihaus.de\\/wp-content\\/uploads\\/2021\\/02\\/logo.png\",\"contentUrl\":\"https:\\/\\/inihaus.de\\/wp-content\\/uploads\\/2021\\/02\\/logo.png\",\"width\":388,\"height\":299,\"caption\":\"Inihaus\"},\"image\":{\"@id\":\"https:\\\/\\\/inihaus.de\\\/#\\\/schema\\\/logo\\\/image\\\/\"},\"sameAs\":[\"https:\\\/\\\/www.facebook.com\\\/inihausbadoldesloe\\\/\",\"https:\\\/\\\/www.instagram.com\\\/inihaus\\\/\"]}]}<\/script>\n<!-- \/ Yoast SEO plugin. -->","yoast_head_json":{"title":"\u00dcber uns - Inihaus","robots":{"index":"noindex","follow":"follow","max-snippet":"max-snippet:-1","max-image-preview":"max-image-preview:large","max-video-preview":"max-video-preview:-1"},"og_locale":"de_DE","og_type":"article","og_title":"\u00dcber uns - Inihaus","og_description":"Das Initiativenhaus, auch \u201eInihaus\u201c genannt, ist ein von Jugendlichen selbst aufgebautes, selbst verwaltetes Jugendzentrum, das sich ausschlie\u00dflich durch Mitgliedsbeitr\u00e4ge, Spenden und dem Caf\u00e9-Betrieb (Getr\u00e4nkeverkauf) finanziert. Wobei bei letzterem keine gro\u00dfen Gewinne erzielt werden sollen, da sich das Inihaus als nicht kommerzieller Verein begreift. Das Haus wurde uns 1998 durch einen geregelten Mietvertrag von der Stadt [&hellip;]","og_url":"https:\/\/inihaus.de\/index.php\/ueber-uns\/","og_site_name":"Inihaus","article_publisher":"https:\/\/www.facebook.com\/inihausbadoldesloe\/","article_modified_time":"2024-11-28T16:34:33+00:00","og_image":[{"width":1024,"height":768,"url":"https:\/\/mlhpplhdby2x.i.optimole.com\/w:auto\/h:auto\/q:mauto\/ig:avif\/https:\/\/inihaus.de\/wp-content\/uploads\/2021\/03\/ini_7.jpg","type":"image\/jpeg"}],"twitter_card":"summary_large_image","twitter_misc":{"Gesch\u00e4tzte Lesezeit":"4\u00a0Minuten"},"schema":{"@context":"https:\/\/schema.org","@graph":[{"@type":"WebPage","@id":"https:\/\/inihaus.de\/index.php\/ueber-uns\/","url":"https:\/\/inihaus.de\/index.php\/ueber-uns\/","name":"\u00dcber uns - Inihaus","isPartOf":{"@id":"https:\/\/inihaus.de\/#website"},"primaryImageOfPage":{"@id":"https:\/\/inihaus.de\/index.php\/ueber-uns\/#primaryimage"},"image":{"@id":"https:\/\/inihaus.de\/index.php\/ueber-uns\/#primaryimage"},"thumbnailUrl":"https:\/\/inihaus.op3n.link\/wp-content\/uploads\/2021\/03\/ini_7.jpg","datePublished":"2020-12-31T14:16:33+00:00","dateModified":"2024-11-28T16:34:33+00:00","breadcrumb":{"@id":"https:\/\/inihaus.de\/index.php\/ueber-uns\/#breadcrumb"},"inLanguage":"de","potentialAction":[{"@type":"ReadAction","target":["https:\/\/inihaus.de\/index.php\/ueber-uns\/"]}]},{"@type":"ImageObject","inLanguage":"de","@id":"https:\/\/inihaus.de\/index.php\/ueber-uns\/#primaryimage","url":"https:\/\/inihaus.op3n.link\/wp-content\/uploads\/2021\/03\/ini_7.jpg","contentUrl":"https:\/\/inihaus.op3n.link\/wp-content\/uploads\/2021\/03\/ini_7.jpg"},{"@type":"BreadcrumbList","@id":"https:\/\/inihaus.de\/index.php\/ueber-uns\/#breadcrumb","itemListElement":[{"@type":"ListItem","position":1,"name":"Startseite","item":"https:\/\/inihaus.de\/"},{"@type":"ListItem","position":2,"name":"\u00dcber uns"}]},{"@type":"WebSite","@id":"https:\/\/inihaus.de\/#website","url":"https:\/\/inihaus.de\/","name":"Inihaus","description":"Initiative e.V.","publisher":{"@id":"https:\/\/inihaus.de\/#organization"},"potentialAction":[{"@type":"SearchAction","target":{"@type":"EntryPoint","urlTemplate":"https:\/\/inihaus.de\/?s={search_term_string}"},"query-input":{"@type":"PropertyValueSpecification","valueRequired":true,"valueName":"search_term_string"}}],"inLanguage":"de"},{"@type":"Organization","@id":"https:\/\/inihaus.de\/#organization","name":"Inihaus","url":"https:\/\/inihaus.de\/","logo":{"@type":"ImageObject","inLanguage":"de","@id":"https:\/\/inihaus.de\/#\/schema\/logo\/image\/","url":"https:\/\/mlhpplhdby2x.i.optimole.com\/w:auto\/h:auto\/q:mauto\/ig:avif\/https:\/\/inihaus.de\/wp-content\/uploads\/2021\/02\/logo.png","contentUrl":"https:\/\/mlhpplhdby2x.i.optimole.com\/w:auto\/h:auto\/q:mauto\/ig:avif\/https:\/\/inihaus.de\/wp-content\/uploads\/2021\/02\/logo.png","width":388,"height":299,"caption":"Inihaus"},"image":{"@id":"https:\/\/inihaus.de\/#\/schema\/logo\/image\/"},"sameAs":["https:\/\/www.facebook.com\/inihausbadoldesloe\/","https:\/\/www.instagram.com\/inihaus\/"]}]}},"_links":{"self":[{"href":"https:\/\/inihaus.de\/index.php\/wp-json\/wp\/v2\/pages\/48","targetHints":{"allow":["GET"]}}],"collection":[{"href":"https:\/\/inihaus.de\/index.php\/wp-json\/wp\/v2\/pages"}],"about":[{"href":"https:\/\/inihaus.de\/index.php\/wp-json\/wp\/v2\/types\/page"}],"author":[{"embeddable":true,"href":"https:\/\/inihaus.de\/index.php\/wp-json\/wp\/v2\/users\/1"}],"replies":[{"embeddable":true,"href":"https:\/\/inihaus.de\/index.php\/wp-json\/wp\/v2\/comments?post=48"}],"version-history":[{"count":16,"href":"https:\/\/inihaus.de\/index.php\/wp-json\/wp\/v2\/pages\/48\/revisions"}],"predecessor-version":[{"id":878,"href":"https:\/\/inihaus.de\/index.php\/wp-json\/wp\/v2\/pages\/48\/revisions\/878"}],"wp:attachment":[{"href":"https:\/\/inihaus.de\/index.php\/wp-json\/wp\/v2\/media?parent=48"}],"curies":[{"name":"wp","href":"https:\/\/api.w.org\/{rel}","templated":true}]}}